{"id":2572,"date":"2022-03-21T13:30:36","date_gmt":"2022-03-21T13:30:36","guid":{"rendered":"https:\/\/iaac.dev.madsys.com\/forestcity-3\/?page_id=2572"},"modified":"2022-03-21T13:30:36","modified_gmt":"2022-03-21T13:30:36","slug":"biociudades","status":"publish","type":"page","link":"https:\/\/bcneuforestcity2022.org\/es\/biociudades\/","title":{"rendered":"Biociudades"},"content":{"rendered":"<section class=\"wpb-content-wrapper\"><p>[vc_row css=\u00bb.vc_custom_1647600749941{margin-bottom: 30px !important;}\u00bb][vc_column width=\u00bb1\/2&#8243;][\/vc_column][vc_column width=\u00bb1\/2&#8243;][vc_column_text el_class=\u00bbtext-big\u00bb]Las Biociudades son entornos urbanos que siguen las reglas de los sistemas naturales con el fin de promover la vida y la biodiversidad. Las Biociudades aplican los principios de la Bioeconom\u00eda Circular con el objeto de convertirse en ciudades de Cero Emisiones, tal como propone la UE para el a\u00f1o 2050. El campo de aplicaci\u00f3n de la Bioeconom\u00eda Circular en ciudades incluye el uso de materiales provenientes de los bosques (en particular, la madera en la construcci\u00f3n o como materia prima en el sector industrial), productos marinos, el desarrollo de biomateriales a trav\u00e9s de nanotecnolog\u00edas, de un nuevo metabolismo urbano a partir de sistemas renovables en el campo de la energ\u00eda y los ciclos de agua, la producci\u00f3n de comida en las ciudades o el desarrollo de la biodiversidad urbana y otros servicios medioambientales relativos a los bosques urbanos y los espacios verdes.<\/p>\n<p>Todas estas iniciativas tienen un impacto directo en la calidad de vida de las personas que residen en las ciudades, tanto en la calidad del aire, la salud global como en el empoderamiento ciudadano.[\/vc_column_text][\/vc_column][\/vc_row]<\/p>\n<\/section>","protected":false},"excerpt":{"rendered":"<p>[vc_row css=\u00bb.vc_custom_1647600749941{margin-bottom: 30px !important;}\u00bb][vc_column width=\u00bb1\/2&#8243;][\/vc_column][vc_column width=\u00bb1\/2&#8243;][vc_column_text el_class=\u00bbtext-big\u00bb]Las Biociudades son entornos urbanos que siguen las reglas de los sistemas naturales con el fin de promover la vida y la biodiversidad. Las Biociudades aplican los principios de la Bioeconom\u00eda Circular con el objeto de convertirse en ciudades de Cero Emisiones, tal como propone la UE para el &#8230; <a title=\"Biociudades\" class=\"read-more\" href=\"https:\/\/bcneuforestcity2022.org\/es\/biociudades\/\" aria-label=\"M\u00e1s en Biociudades\">Leer m\u00e1s<\/a><\/p>\n","protected":false},"author":2,"featured_media":0,"parent":0,"menu_order":3,"comment_status":"closed","ping_status":"closed","template":"","meta":[],"_links":{"self":[{"href":"https:\/\/bcneuforestcity2022.org\/es\/wp-json\/wp\/v2\/pages\/2572"}],"collection":[{"href":"https:\/\/bcneuforestcity2022.org\/es\/wp-json\/wp\/v2\/pages"}],"about":[{"href":"https:\/\/bcneuforestcity2022.org\/es\/wp-json\/wp\/v2\/types\/page"}],"author":[{"embeddable":true,"href":"https:\/\/bcneuforestcity2022.org\/es\/wp-json\/wp\/v2\/users\/2"}],"replies":[{"embeddable":true,"href":"https:\/\/bcneuforestcity2022.org\/es\/wp-json\/wp\/v2\/comments?post=2572"}],"version-history":[{"count":1,"href":"https:\/\/bcneuforestcity2022.org\/es\/wp-json\/wp\/v2\/pages\/2572\/revisions"}],"predecessor-version":[{"id":2573,"href":"https:\/\/bcneuforestcity2022.org\/es\/wp-json\/wp\/v2\/pages\/2572\/revisions\/2573"}],"wp:attachment":[{"href":"https:\/\/bcneuforestcity2022.org\/es\/wp-json\/wp\/v2\/media?parent=2572"}],"curies":[{"name":"wp","href":"https:\/\/api.w.org\/{rel}","templated":true}]}}