{"id":2574,"date":"2022-03-21T13:34:03","date_gmt":"2022-03-21T13:34:03","guid":{"rendered":"https:\/\/iaac.dev.madsys.com\/forestcity-3\/?page_id=2574"},"modified":"2022-03-22T18:20:16","modified_gmt":"2022-03-22T18:20:16","slug":"premio","status":"publish","type":"page","link":"https:\/\/bcneuforestcity2022.org\/es\/premio\/","title":{"rendered":"Premio"},"content":{"rendered":"<section class=\"wpb-content-wrapper\"><p>[vc_row css=\u00bb.vc_custom_1646998963022{margin-bottom: 30px !important;}\u00bb][vc_column width=\u00bb1\/2&#8243;][\/vc_column][vc_column width=\u00bb1\/2&#8243;][vc_column_text el_class=\u00bbtext-big\u00bb]Desde 2014, el European Forest Institute otorga anualmente el t\u00edtulo de Ciudad Europea del Bosque a la ciudad que acoge la Conferencia Anual de EFI. El t\u00edtulo tambi\u00e9n se concede con el objetivo de que la ciudad galardonada contribuya a fomentar la concienciaci\u00f3n colectiva del papel central que desempe\u00f1an los bosques de Europa. Entre los anteriores galardonados, se encuentran Bilbao (2014), San Petersburgo (2015), Viena (2016), Oslo (2017), Cerde\u00f1a (2018), Aberdeen (2019), Bonn (2020) y Praga (2021).<\/p>\n<p>Para el 2022, el EFI ha seleccionado Barcelona como Ciudad Europea del Bosque y sede de la conferencia anual de la instituci\u00f3n. Adem\u00e1s, Barcelona acoger\u00e1 a lo largo del a\u00f1o distintos eventos y actividades para profesionales y el p\u00fablico en general que profundicen en las Biociudades y una nueva manera de dise\u00f1ar y gestionar las ciudades, a partir de los principios de la Bioeconom\u00eda Circular que toma como inspiraci\u00f3n la naturaleza.[\/vc_column_text][\/vc_column][\/vc_row]<\/p>\n<\/section>","protected":false},"excerpt":{"rendered":"<p>[vc_row css=\u00bb.vc_custom_1646998963022{margin-bottom: 30px !important;}\u00bb][vc_column width=\u00bb1\/2&#8243;][\/vc_column][vc_column width=\u00bb1\/2&#8243;][vc_column_text el_class=\u00bbtext-big\u00bb]Desde 2014, el European Forest Institute otorga anualmente el t\u00edtulo de Ciudad Europea del Bosque a la ciudad que acoge la Conferencia Anual de EFI. El t\u00edtulo tambi\u00e9n se concede con el objetivo de que la ciudad galardonada contribuya a fomentar la concienciaci\u00f3n colectiva del papel central que desempe\u00f1an &#8230; <a title=\"Premio\" class=\"read-more\" href=\"https:\/\/bcneuforestcity2022.org\/es\/premio\/\" aria-label=\"M\u00e1s en Premio\">Leer m\u00e1s<\/a><\/p>\n","protected":false},"author":2,"featured_media":0,"parent":0,"menu_order":1,"comment_status":"closed","ping_status":"closed","template":"","meta":[],"_links":{"self":[{"href":"https:\/\/bcneuforestcity2022.org\/es\/wp-json\/wp\/v2\/pages\/2574"}],"collection":[{"href":"https:\/\/bcneuforestcity2022.org\/es\/wp-json\/wp\/v2\/pages"}],"about":[{"href":"https:\/\/bcneuforestcity2022.org\/es\/wp-json\/wp\/v2\/types\/page"}],"author":[{"embeddable":true,"href":"https:\/\/bcneuforestcity2022.org\/es\/wp-json\/wp\/v2\/users\/2"}],"replies":[{"embeddable":true,"href":"https:\/\/bcneuforestcity2022.org\/es\/wp-json\/wp\/v2\/comments?post=2574"}],"version-history":[{"count":2,"href":"https:\/\/bcneuforestcity2022.org\/es\/wp-json\/wp\/v2\/pages\/2574\/revisions"}],"predecessor-version":[{"id":2774,"href":"https:\/\/bcneuforestcity2022.org\/es\/wp-json\/wp\/v2\/pages\/2574\/revisions\/2774"}],"wp:attachment":[{"href":"https:\/\/bcneuforestcity2022.org\/es\/wp-json\/wp\/v2\/media?parent=2574"}],"curies":[{"name":"wp","href":"https:\/\/api.w.org\/{rel}","templated":true}]}}