{"id":2583,"date":"2022-03-21T13:47:42","date_gmt":"2022-03-21T13:47:42","guid":{"rendered":"https:\/\/iaac.dev.madsys.com\/forestcity-3\/?page_id=2583"},"modified":"2022-03-21T13:47:42","modified_gmt":"2022-03-21T13:47:42","slug":"comite-organizador","status":"publish","type":"page","link":"https:\/\/bcneuforestcity2022.org\/es\/comite-organizador\/","title":{"rendered":"Comit\u00e9 Organizador"},"content":{"rendered":"<section class=\"wpb-content-wrapper\"><p>[vc_row css=\u00bb.vc_custom_1646998972280{margin-bottom: 30px !important;}\u00bb][vc_column][vc_row_inner equal_height=\u00bbyes\u00bb content_placement=\u00bbtop\u00bb el_class=\u00bbfila-organizadores\u00bb][vc_column_inner width=\u00bb1\/4&#8243;][vc_single_image image=\u00bb2472&#8243; img_size=\u00bb200&#215;216&#8243; alignment=\u00bbcenter\u00bb][\/vc_column_inner][vc_column_inner width=\u00bb3\/4&#8243;][vc_column_text]<\/p>\n<ul>\n<li><a href=\"https:\/\/efi.int\/\">European Forest Institute (EFI)<\/a><\/li>\n<\/ul>\n<p>El <em>European Forest Institute<\/em> (EFI) es una organizaci\u00f3n internacional establecida por los Estados europeos, que lleva a cabo investigaci\u00f3n y proporciona apoyo en pol\u00edtica p\u00fablica en materia de bosques. Asimismo, facilita y estimula la creaci\u00f3n de redes entre actores relacionados con los bosques y promueve la divulgaci\u00f3n de informaci\u00f3n imparcial y relevante, basada en documentaci\u00f3n cient\u00edfica rigurosa, que sirve de base para la elaboraci\u00f3n de pol\u00edticas forestales.[\/vc_column_text][\/vc_column_inner][\/vc_row_inner][vc_row_inner content_placement=\u00bbmiddle\u00bb el_class=\u00bbfila-organizadores\u00bb][vc_column_inner width=\u00bb1\/4&#8243;][vc_single_image image=\u00bb2476&#8243; img_size=\u00bbmedium\u00bb alignment=\u00bbcenter\u00bb][\/vc_column_inner][vc_column_inner width=\u00bb3\/4&#8243;][vc_column_text]<\/p>\n<ul>\n<li><a href=\"https:\/\/www.amb.cat\/es\/web\/area-metropolitana\/\">\u00c1rea Metropolitana de Barcelona (AMB)<\/a><\/li>\n<\/ul>\n<p>El \u00c1rea Metropolitana de Barcelona es una gran conurbaci\u00f3n que se organiza bajo una administraci\u00f3n supramunicipal con competencias propias en cohesi\u00f3n social, desarrollo territorial equilibrado, vivienda, transporte y movilidad, ciclo del agua, gesti\u00f3n de residuos y medio ambiente del conjunto metropolitano. La AMB est\u00e1 formada por 36 municipios y abarca un extenso territorio, 52% del cual est\u00e1 conformado por zonas naturales (Macizo del Garraf, Collserola y la Sierra de la Marina, entre otras). Redactado y tramitado por la AMB, el Plan especial de protecci\u00f3n del medio natural y del paisaje del Parque Natural de la Sierra de Collserola (PEPNat) se aprob\u00f3 en 2021. El plan de protecci\u00f3n y conservaci\u00f3n de este espacio natural de gran relevancia tiene como eje vertebrador y transversal una estrategia ecol\u00f3gica basada en la mejora de la biodiversidad y la potenciaci\u00f3n de los servicios ecosist\u00e9micos.[\/vc_column_text][\/vc_column_inner][\/vc_row_inner][vc_row_inner content_placement=\u00bbmiddle\u00bb el_class=\u00bbfila-organizadores\u00bb][vc_column_inner width=\u00bb1\/4&#8243;][vc_single_image image=\u00bb2474&#8243; img_size=\u00bbmedium\u00bb alignment=\u00bbcenter\u00bb][\/vc_column_inner][vc_column_inner width=\u00bb3\/4&#8243;][vc_column_text]<\/p>\n<ul>\n<li><a href=\"https:\/\/ajuntament.barcelona.cat\/en\/\">Ayuntamiento de Barcelona<\/a><\/li>\n<\/ul>\n<p>El Ayuntamiento de Barcelona es el organismo pol\u00edtico con mayores competencias en la ciudad de Barcelona. Esta administraci\u00f3n p\u00fablica tiene la responsabilidad de regular la vida diaria de los ciudadanos, la planificaci\u00f3n urban\u00edstica, el transporte, la seguridad vial, el mantenimiento de la v\u00eda p\u00fablica, las \u00e1reas verdes y la construcci\u00f3n de los equipamientos p\u00fablicos municipales. La ciudad de Barcelona est\u00e1 comprometida con promover la vida y la biodiversidad en la ciudad y ha impulsado el Plan Naturaleza 2021-2030, seg\u00fan el cual se plantean actuaciones diversas que dan a la naturaleza un papel central en el modelo de ciudad del futuro.[\/vc_column_text][\/vc_column_inner][\/vc_row_inner][vc_row_inner content_placement=\u00bbmiddle\u00bb el_class=\u00bbfila-organizadores\u00bb][vc_column_inner width=\u00bb1\/4&#8243;][vc_single_image image=\u00bb2480&#8243; img_size=\u00bbmedium\u00bb alignment=\u00bbcenter\u00bb][\/vc_column_inner][vc_column_inner width=\u00bb3\/4&#8243;][vc_column_text]<\/p>\n<ul>\n<li><a href=\"https:\/\/catalangovernment.eu\/catalangovernment\/\">Generalidad de Catalu\u00f1a<\/a><\/li>\n<\/ul>\n<p>La Generalidad de Catalu\u00f1a es el sistema institucional de autogobierno que organiza pol\u00edticamente Catalu\u00f1a. El patrimonio natural del territorio catal\u00e1n es excepcionalmente diverso debido a su situaci\u00f3n geogr\u00e1fica, que abarca tanto la alta monta\u00f1a como los espacios fluviales, litorales y marinos, los h\u00e1bitats agrarios humanizados, las zonas h\u00famedas, los bosques, malezas, prados y pastizales. Actualmente, el 65% de Catalu\u00f1a es superficie forestal y espacio vital de m\u00e1s de 40 especies distintas de \u00e1rboles. Por encargo de la Sub-direcci\u00f3n General de Bosques de la Generalidad de Catalu\u00f1a, y coordinado por CREAF, se realizan prospecciones anuales en relaci\u00f3n al estado de salud de los bosques de Catalu\u00f1a. Asimismo, la Generalidad ha aprobado la Estrategia de la Bioeconom\u00eda de Catalu\u00f1a para el periodo 2021-2030, hoja de ruta para la transici\u00f3n hacia un modelo econ\u00f3mico en Catalu\u00f1a basado en los principios de la Bioeconom\u00eda Circular.[\/vc_column_text][\/vc_column_inner][\/vc_row_inner][vc_row_inner content_placement=\u00bbmiddle\u00bb el_class=\u00bbfila-organizadores\u00bb][vc_column_inner width=\u00bb1\/4&#8243;][vc_single_image image=\u00bb2478&#8243; img_size=\u00bbmedium\u00bb alignment=\u00bbcenter\u00bb][\/vc_column_inner][vc_column_inner width=\u00bb3\/4&#8243;][vc_column_text]<\/p>\n<ul>\n<li><a href=\"https:\/\/www.diba.cat\/es\/\">Diputaci\u00f3n de Barcelona<\/a><\/li>\n<\/ul>\n<p>La Diputaci\u00f3n de Barcelona es una instituci\u00f3n de gobierno local que impulsa el progreso y el bienestar de los ciudadanos de su \u00e1mbito territorial que abarca la totalidad de la provincia de Barcelona. Esta extensi\u00f3n representa 311 municipios y el 24% del total de la superficie de Catalu\u00f1a. La Diputaci\u00f3n de Barcelona tambi\u00e9n est\u00e1 integrada por la Red de Parques Naturales que est\u00e1 formada por 12 espacios naturales de alto valor paisaj\u00edstico, ecol\u00f3gico y cultural que abarcan 102.587 hect\u00e1reas. Mediante la gesti\u00f3n de la red, la Diputaci\u00f3n garantiza un equilibrio territorial y ambiental y protege los valores naturales, agr\u00edcolas, forestales, culturales y paisaj\u00edsticos.[\/vc_column_text][\/vc_column_inner][\/vc_row_inner][vc_row_inner content_placement=\u00bbmiddle\u00bb el_class=\u00bbfila-organizadores\u00bb][vc_column_inner width=\u00bb1\/4&#8243;][vc_single_image image=\u00bb2482&#8243; img_size=\u00bbmedium\u00bb alignment=\u00bbcenter\u00bb][\/vc_column_inner][vc_column_inner width=\u00bb3\/4&#8243;][vc_column_text]<\/p>\n<ul>\n<li><a href=\"https:\/\/iaac.net\/\">Instituto de Arquitectura Avanzada de Catalu\u00f1a (IAAC)<\/a><\/li>\n<\/ul>\n<p>El IAAC es un centro de investigaci\u00f3n, educaci\u00f3n, producci\u00f3n y divulgaci\u00f3n que tiene por objeto dar forma al futuro de las ciudades. El IAAC se inspira en los valores de Barcelona, capital de la arquitectura y el dise\u00f1o, lugar de nacimiento del urbanismo y ciudad con una investigaci\u00f3n local de gran calidad orientada hacia la innovaci\u00f3n, que se conecta con una red internacional de excelencia en \u00e1mbitos de la tecnolog\u00eda, arquitectura y sociedad. Como parte integrante del IAAC, se encuentra el centro de investigaci\u00f3n, Valldaura Labs, enfocado en la idea de autosuficiencia. Ubicado en pleno Parque Natural de Collserola, Valldaura Labs es un centro de experimentaci\u00f3n para aprender directamente de la naturaleza con el prop\u00f3sito de aplicar este conocimiento a la regeneraci\u00f3n de las ciudades del siglo XXI.[\/vc_column_text][\/vc_column_inner][\/vc_row_inner][vc_row_inner content_placement=\u00bbmiddle\u00bb el_class=\u00bbfila-organizadores\u00bb][vc_column_inner width=\u00bb1\/4&#8243;][vc_single_image image=\u00bb2484&#8243; img_size=\u00bbmedium\u00bb alignment=\u00bbcenter\u00bb][\/vc_column_inner][vc_column_inner width=\u00bb3\/4&#8243;][vc_column_text]<\/p>\n<ul>\n<li><a href=\"http:\/\/www.creaf.cat\/\">Centre de Recerca en Ecologia i Aplicacions Forestals<\/a><\/li>\n<\/ul>\n<p>El CREAF es un centro p\u00fablico de investigaci\u00f3n dedicado a la ecolog\u00eda terrestre, el an\u00e1lisis territorial y el cambio global, que persigue la excelencia en la producci\u00f3n y la difusi\u00f3n de conocimiento, adem\u00e1s de la innovaci\u00f3n, el desarrollo y la transferencia de metodolog\u00edas. El centro pretende contribuir al conocimiento sobre conservaci\u00f3n y gesti\u00f3n del medio ambiente y el territorio, adem\u00e1s de la adaptaci\u00f3n al cambio ambiental a escala local, regional y global. Con ello busca ser un puente entre el mundo acad\u00e9mico, las administraciones y la sociedad, y fomentar la sensibilizaci\u00f3n dentro de su \u00e1mbito de actuaci\u00f3n.[\/vc_column_text][\/vc_column_inner][\/vc_row_inner][vc_row_inner content_placement=\u00bbmiddle\u00bb el_class=\u00bbfila-organizadores\u00bb][vc_column_inner width=\u00bb1\/4&#8243;][vc_single_image image=\u00bb2486&#8243; img_size=\u00bbmedium\u00bb alignment=\u00bbcenter\u00bb][\/vc_column_inner][vc_column_inner width=\u00bb3\/4&#8243;][vc_column_text]<\/p>\n<ul>\n<li><a href=\"https:\/\/www.ctfc.cat\/en\/\">Centre de Ci\u00e8ncia i Tecnologia Forestal de Catalunya (CTFC)<\/a><\/li>\n<\/ul>\n<p>El CTFC es un centro de investigaci\u00f3n y referente europeo en la investigaci\u00f3n de los bosques que contribuye a la ciencia para la gesti\u00f3n forestal sostenible, la biodiversidad y la bioeconom\u00eda circular. Con este fin, trabaja a partir de tres programas: la gesti\u00f3n forestal multifuncional, la din\u00e1mica del paisaje y la biodiversidad, y la bioeconom\u00eda y la gobernanza. La investigaci\u00f3n desarrollada en estos programas se centra en aspectos clave, como el equilibrio de funciones del medio natural, la adaptaci\u00f3n al cambio clim\u00e1tico y la competitividad a lo largo de las cadenas de valor.[\/vc_column_text][\/vc_column_inner][\/vc_row_inner][vc_row_inner content_placement=\u00bbmiddle\u00bb el_class=\u00bbfila-organizadores\u00bb][vc_column_inner width=\u00bb1\/4&#8243;][vc_single_image image=\u00bb2488&#8243; img_size=\u00bbmedium\u00bb alignment=\u00bbcenter\u00bb][\/vc_column_inner][vc_column_inner width=\u00bb3\/4&#8243;][vc_column_text]<\/p>\n<ul>\n<li>Parc de Belloch<\/li>\n<\/ul>\n<p>Parc de Belloch es un parque de conocimiento centrado en el dise\u00f1o y la econom\u00eda sostenible que se encuentra en plena naturaleza, a 30km de Barcelona. Se encarga de la promoci\u00f3n y gesti\u00f3n inmobiliaria de la finca de Belloch (unas 170 hect\u00e1reas) y atiende a la comunidad de empresas radicada en su campus central. Acoge empresas vinculadas al dise\u00f1o, gesti\u00f3n y ecolog\u00eda y tiene su propio vivero de \u00e1rboles. Sus instalaciones est\u00e1n en proceso de transformaci\u00f3n para convertirse en autosuficientes.[\/vc_column_text][\/vc_column_inner][\/vc_row_inner][\/vc_column][\/vc_row][vc_row css=\u00bb.vc_custom_1646998977056{margin-bottom: 30px !important;}\u00bb][vc_column][vc_column_text]<\/p>\n<h3><strong>Comit\u00e9 cient\u00edfico<\/strong><\/h3>\n<p>European Forest Institute<\/p>\n<p>Area Metropolitana de Barcelona<\/p>\n<p>Instituto de Arquitectura Avanzada de Catalu\u00f1a<\/p>\n<p>Centre de Ci\u00e8ncia i Tecnologia Forestal de Catalunya<\/p>\n<p>Centre de Recerca Tecnol\u00f2gica i Aplicacions Forestals<\/p>\n<p>Parc de Belloch[\/vc_column_text][\/vc_column][\/vc_row][vc_row css=\u00bb.vc_custom_1646998981012{margin-bottom: 30px !important;}\u00bb][vc_column][vc_column_text]<\/p>\n<h3><strong>Organizaciones que dan apoyo a Barcelona Ciudad Europea del Bosque 2022 <\/strong><\/h3>\n<p>Consorci del Parc Natural de la Serra de Collserola<\/p>\n<p>Col\u00b7legi d\u2019Arquitectes de Catalunya<\/p>\n<p>Col\u00b7legi Oficial d\u2019Enginyers de Forests a Catalunya<\/p>\n<p>Col\u00b7legi d\u2019Enginyers de camins, canals i ports de Catalunya<\/p>\n<p>Consejo Superior de los Colegios de Arquitectos de Espa\u00f1a<\/p>\n<p>Institut de Tecnologia de la Construcci\u00f3 de Catalunya<\/p>\n<p>Ajuntament de Cerdanyola del Valles<\/p>\n<p>Universitat Polit\u00e8cnica de Catalunya<\/p>\n<p>Ag\u00e8ncia d\u2019Ecologia Urbana<\/p>\n<p>Fira de Barcelona<\/p>\n<p>Fundaci\u00f3 Catalunya La Pedrera<\/p>\n<p>Sant Pau Recinte Modernista<\/p>\n<p>Cercle d\u2019Infraestructures<\/p>\n<p>Estudi Ramon Folch<\/p>\n<p>Barcelona Global[\/vc_column_text][\/vc_column][\/vc_row]<\/p>\n<\/section>","protected":false},"excerpt":{"rendered":"<p>[vc_row css=\u00bb.vc_custom_1646998972280{margin-bottom: 30px !important;}\u00bb][vc_column][vc_row_inner equal_height=\u00bbyes\u00bb content_placement=\u00bbtop\u00bb el_class=\u00bbfila-organizadores\u00bb][vc_column_inner width=\u00bb1\/4&#8243;][vc_single_image image=\u00bb2472&#8243; img_size=\u00bb200&#215;216&#8243; alignment=\u00bbcenter\u00bb][\/vc_column_inner][vc_column_inner width=\u00bb3\/4&#8243;][vc_column_text] European Forest Institute (EFI) El European Forest Institute (EFI) es una organizaci\u00f3n internacional establecida por los Estados europeos, que lleva a cabo investigaci\u00f3n y proporciona apoyo en pol\u00edtica p\u00fablica en materia de bosques. Asimismo, facilita y estimula la creaci\u00f3n de redes entre actores &#8230; <a title=\"Comit\u00e9 Organizador\" class=\"read-more\" href=\"https:\/\/bcneuforestcity2022.org\/es\/comite-organizador\/\" aria-label=\"M\u00e1s en Comit\u00e9 Organizador\">Leer m\u00e1s<\/a><\/p>\n","protected":false},"author":2,"featured_media":0,"parent":0,"menu_order":4,"comment_status":"closed","ping_status":"closed","template":"","meta":[],"_links":{"self":[{"href":"https:\/\/bcneuforestcity2022.org\/es\/wp-json\/wp\/v2\/pages\/2583"}],"collection":[{"href":"https:\/\/bcneuforestcity2022.org\/es\/wp-json\/wp\/v2\/pages"}],"about":[{"href":"https:\/\/bcneuforestcity2022.org\/es\/wp-json\/wp\/v2\/types\/page"}],"author":[{"embeddable":true,"href":"https:\/\/bcneuforestcity2022.org\/es\/wp-json\/wp\/v2\/users\/2"}],"replies":[{"embeddable":true,"href":"https:\/\/bcneuforestcity2022.org\/es\/wp-json\/wp\/v2\/comments?post=2583"}],"version-history":[{"count":1,"href":"https:\/\/bcneuforestcity2022.org\/es\/wp-json\/wp\/v2\/pages\/2583\/revisions"}],"predecessor-version":[{"id":2584,"href":"https:\/\/bcneuforestcity2022.org\/es\/wp-json\/wp\/v2\/pages\/2583\/revisions\/2584"}],"wp:attachment":[{"href":"https:\/\/bcneuforestcity2022.org\/es\/wp-json\/wp\/v2\/media?parent=2583"}],"curies":[{"name":"wp","href":"https:\/\/api.w.org\/{rel}","templated":true}]}}