{"id":2717,"date":"2022-03-21T10:45:25","date_gmt":"2022-03-21T10:45:25","guid":{"rendered":"https:\/\/iaac.dev.madsys.com\/forestcity-3\/privacy-policy\/"},"modified":"2022-03-22T16:50:38","modified_gmt":"2022-03-22T16:50:38","slug":"privacy-policy","status":"publish","type":"page","link":"https:\/\/bcneuforestcity2022.org\/es\/privacy-policy\/","title":{"rendered":"Privacy Policy"},"content":{"rendered":"<section class=\"wpb-content-wrapper\"><p>[vc_row][vc_column][vc_column_text]<\/p>\n<h2>INFORMACI\u00d3N DEL USUARIO<\/h2>\n<p>INSTITUT D&#8217;ARQUITECTURA AVAN\u00c7ADA DE CATALUNYA FUNDACI\u00d3 PRIVADA, en adelante RESPONSABLE, es el Responsable del tratamiento de los datos personales del Usuario y le informa que estos datos ser\u00e1n tratados de conformidad con lo dispuesto en el Reglamento (UE) 2016\/679, de 27 de abril. 2016 (GDPR) sobre la protecci\u00f3n de las personas con respecto al procesamiento de datos personales y sobre la libre circulaci\u00f3n de dichos datos, por lo que se le proporciona la siguiente informaci\u00f3n sobre el procesamiento de dichos datos:<\/p>\n<p>Finalidad del tratamiento: mantener una relaci\u00f3n comercial con el Usuario.<\/p>\n<h4>Las operaciones previstas para su procesamiento son:<\/h4>\n<p>? Env\u00edo de comunicaciones comerciales publicitarias por correo electr\u00f3nico, fax, SMS, MMS, comunidades sociales o cualquier otro medio electr\u00f3nico o f\u00edsico, presente o futuro, que posibilite la realizaci\u00f3n de comunicaciones comerciales. Estas comunicaciones ser\u00e1n realizadas por el RESPONSABLE y estar\u00e1n relacionadas con sus productos y servicios, o con los de sus socios o proveedores con los que \u00e9ste haya alcanzado alg\u00fan acuerdo de promoci\u00f3n. En este caso, los terceros nunca tendr\u00e1n acceso a los datos personales.<br \/>? Realizar estudios estad\u00edsticos.<br \/>? Tramitar pedidos, solicitudes o cualquier tipo de petici\u00f3n que sea realizada por el usuario a trav\u00e9s de cualquiera de las formas de contacto que se ponen a su disposici\u00f3n.<br \/>? Enviar el bolet\u00edn desde el sitio web.<\/p>\n<p>Criterios de conservaci\u00f3n de los datos: se conservar\u00e1n mientras exista un inter\u00e9s mutuo para mantener la finalidad del tratamiento y cuando ya no sean necesarios para tal fin, se suprimen con las medidas de seguridad adecuadas para garantizar la seudonimizaci\u00f3n o destrucci\u00f3n total de los datos.<\/p>\n<p>Comunicaci\u00f3n de datos: No se comunicar\u00e1n los datos a terceros, salvo obligaci\u00f3n legal.<\/p>\n<h4>Derechos del Usuario:<br \/>? Derecho a retirar el consentimiento en cualquier momento.<br \/>? Derecho de acceso, rectificaci\u00f3n, portabilidad y supresi\u00f3n de sus datos ya la limitaci\u00f3n u oposici\u00f3n a su tratamiento.<br \/>? Derecho a presentar una reclamaci\u00f3n ante la autoridad de control (agpd.es) si considera que el tratamiento no se ajusta a la legislaci\u00f3n vigente.<\/h4>\n<p>Datos de contacto para ejercer sus derechos:<\/p>\n<p>Direcci\u00f3n postal: INSTITUT D&#8217;ARQUITECTURA AVAN\u00c7ADA DE CATALUNYA FUNDACI\u00d3 PRIVADA. PUJADES, 102 08005 BARCELONA (BARCELONA). Correo electr\u00f3nico: info@iaac.net.<\/p>\n<h3>CAR\u00c1CTER OBLIGATORIO O FACULTATIVO DE LA INFORMACI\u00d3N FACILITADA POR EL USUARIO<\/h3>\n<p>Los Usuarios, mediante la marcaci\u00f3n de las casillas correspondientes y la introducci\u00f3n de datos en los campos marcados con un asterisco (*) en el formulario de contacto o presentados en los formularios de descarga, aceptan expresamente y de forma libre e inequ\u00edvoca, que su los datos son necesarios para atender su solicitud, por parte del prestador, siendo voluntaria la inclusi\u00f3n de datos en el resto de campos. El Usuario garantiza que los datos personales facilitados al RESPONSABLE son veraces y se hace responsable de comunicar cualquier modificaci\u00f3n de los mismos.<\/p>\n<p>El RESPONSABLE informa y garantiza expresamente a los usuarios que sus datos personales no ser\u00e1n cedidos en ning\u00fan caso a terceros, y que siempre que realizara alg\u00fan tipo de cesi\u00f3n de datos personales, se solicitar\u00e1 el consentimiento expreso, informado e inequ\u00edvoco por parte de los Usuarios en avance. Todos los datos solicitados a trav\u00e9s del sitio web son obligatorios, ya que son necesarios para la prestaci\u00f3n de un servicio \u00f3ptimo al Usuario. En caso de que no sean facilitados todos los datos, no se garantiza que la informaci\u00f3n y servicios facilitados sean completamente ajustados a sus necesidades.<\/p>\n<h3>MEDIDAS DE SEGURIDAD<\/h3>\n<p>Que de conformidad con lo dispuesto en las normativas vigentes en protecci\u00f3n de datos personales, el RESPONSABLE est\u00e1 cumpliendo con todas las disposiciones de las normativas RGPD para el tratamiento de los datos personales de su responsabilidad, y claramente con los principios descritos en el art\u00edculo 5 del RGPD, por el cual son tratados de manera l\u00edcita, leal y transparente en relaci\u00f3n con el interesado y adecuados, pertinentes y limitados a lo necesario en relaci\u00f3n con los fines para los que son tratados.<\/p>\n<p>El RESPONSABLE garantiza que ha implementado pol\u00edticas t\u00e9cnicas y organizativas apropiadas para implementar las medidas de seguridad que establecen el RGPD con el fin de proteger los derechos y libertades de los Usuarios y les ha comunicado la informaci\u00f3n adecuada para que puedan ejercerlos.<\/p>\n<p>[\/vc_column_text][\/vc_column][\/vc_row]<\/p>\n<\/section>","protected":false},"excerpt":{"rendered":"<p>[vc_row][vc_column][vc_column_text] INFORMACI\u00d3N DEL USUARIO INSTITUT D&#8217;ARQUITECTURA AVAN\u00c7ADA DE CATALUNYA FUNDACI\u00d3 PRIVADA, en adelante RESPONSABLE, es el Responsable del tratamiento de los datos personales del Usuario y le informa que estos datos ser\u00e1n tratados de conformidad con lo dispuesto en el Reglamento (UE) 2016\/679, de 27 de abril. 2016 (GDPR) sobre la protecci\u00f3n de las personas &#8230; <a title=\"Privacy Policy\" class=\"read-more\" href=\"https:\/\/bcneuforestcity2022.org\/es\/privacy-policy\/\" aria-label=\"M\u00e1s en Privacy Policy\">Leer m\u00e1s<\/a><\/p>\n","protected":false},"author":6,"featured_media":0,"parent":0,"menu_order":0,"comment_status":"closed","ping_status":"open","template":"","meta":[],"_links":{"self":[{"href":"https:\/\/bcneuforestcity2022.org\/es\/wp-json\/wp\/v2\/pages\/2717"}],"collection":[{"href":"https:\/\/bcneuforestcity2022.org\/es\/wp-json\/wp\/v2\/pages"}],"about":[{"href":"https:\/\/bcneuforestcity2022.org\/es\/wp-json\/wp\/v2\/types\/page"}],"author":[{"embeddable":true,"href":"https:\/\/bcneuforestcity2022.org\/es\/wp-json\/wp\/v2\/users\/6"}],"replies":[{"embeddable":true,"href":"https:\/\/bcneuforestcity2022.org\/es\/wp-json\/wp\/v2\/comments?post=2717"}],"version-history":[{"count":2,"href":"https:\/\/bcneuforestcity2022.org\/es\/wp-json\/wp\/v2\/pages\/2717\/revisions"}],"predecessor-version":[{"id":2723,"href":"https:\/\/bcneuforestcity2022.org\/es\/wp-json\/wp\/v2\/pages\/2717\/revisions\/2723"}],"wp:attachment":[{"href":"https:\/\/bcneuforestcity2022.org\/es\/wp-json\/wp\/v2\/media?parent=2717"}],"curies":[{"name":"wp","href":"https:\/\/api.w.org\/{rel}","templated":true}]}}